{"id":29,"date":"2017-09-04T21:25:48","date_gmt":"2017-09-04T19:25:48","guid":{"rendered":"http:\/\/osera.fr\/?page_id=29"},"modified":"2017-09-04T21:25:48","modified_gmt":"2017-09-04T19:25:48","slug":"contact","status":"publish","type":"page","link":"https:\/\/www.osera.fr\/index.php\/contact\/","title":{"rendered":"Contact"},"content":{"rendered":"<p>C\u2019est une page avec des informations de contact de base, comme l\u2019adresse et le num\u00e9ro de t\u00e9l\u00e9phone. Vous pouvez aussi essayer une extension pour ajouter un formulaire de contact.<\/p>\n","protected":false},"excerpt":{"rendered":"<p>C\u2019est une page avec des informations de contact de base, comme l\u2019adresse et le num\u00e9ro de t\u00e9l\u00e9phone. Vous pouvez aussi<\/p>\n","protected":false},"author":1,"featured_media":0,"parent":0,"menu_order":0,"comment_status":"closed","ping_status":"closed","template":"page-templates\/contact.php","meta":{"_EventAllDay":false,"_EventTimezone":"","_EventStartDate":"","_EventEndDate":"","_EventStartDateUTC":"","_EventEndDateUTC":"","_EventShowMap":false,"_EventShowMapLink":false,"_EventURL":"","_EventCost":"","_EventCostDescription":"","_EventCurrencySymbol":"","_EventCurrencyCode":"","_EventCurrencyPosition":"","_EventDateTimeSeparator":"","_EventTimeRangeSeparator":"","_EventOrganizerID":[],"_EventVenueID":0,"_OrganizerEmail":"","_OrganizerPhone":"","_OrganizerWebsite":"","_VenueAddress":"","_VenueCity":"","_VenueCountry":"","_VenueProvince":"","_VenueZip":"","_VenuePhone":"","_VenueURL":"","_VenueStateProvince":"","_VenueLat":"","_VenueLng":"","footnotes":""},"class_list":["post-29","page","type-page","status-publish","hentry"],"_links":{"self":[{"href":"https:\/\/www.osera.fr\/index.php\/wp-json\/wp\/v2\/pages\/29","targetHints":{"allow":["GET"]}}],"collection":[{"href":"https:\/\/www.osera.fr\/index.php\/wp-json\/wp\/v2\/pages"}],"about":[{"href":"https:\/\/www.osera.fr\/index.php\/wp-json\/wp\/v2\/types\/page"}],"author":[{"embeddable":true,"href":"https:\/\/www.osera.fr\/index.php\/wp-json\/wp\/v2\/users\/1"}],"replies":[{"embeddable":true,"href":"https:\/\/www.osera.fr\/index.php\/wp-json\/wp\/v2\/comments?post=29"}],"version-history":[{"count":1,"href":"https:\/\/www.osera.fr\/index.php\/wp-json\/wp\/v2\/pages\/29\/revisions"}],"predecessor-version":[{"id":37,"href":"https:\/\/www.osera.fr\/index.php\/wp-json\/wp\/v2\/pages\/29\/revisions\/37"}],"wp:attachment":[{"href":"https:\/\/www.osera.fr\/index.php\/wp-json\/wp\/v2\/media?parent=29"}],"curies":[{"name":"wp","href":"https:\/\/api.w.org\/{rel}","templated":true}]}}